{"id":26,"date":"2023-02-24T10:52:31","date_gmt":"2023-02-24T10:52:31","guid":{"rendered":"https:\/\/clinicapandora.duckdns.org\/?page_id=26"},"modified":"2023-05-25T14:36:53","modified_gmt":"2023-05-25T14:36:53","slug":"home","status":"publish","type":"page","link":"https:\/\/www.clinicapandora.it\/","title":{"rendered":"clinica veterinaria Pandora"},"content":{"rendered":"\r\n<h6><br \/><br \/><br \/>L&#8217;ACCESSO NELLA NOSTRA CLINICA DEVE ESSERE DISCIPLINATO MEDIANTE APPUNTAMENTO TELEFONICO<br \/><br \/>PRENOTA LA TUA VISITA allo +39 0734 68 71 00<\/h6>\r\n\r\n\r\n\r\n<h2>La clinica veterinaria Pandora<\/h2>\r\n\r\n\r\n\r\n<p>La Clinica veterinaria Pandora Sooc. Coop. nasce nel maggio 2007 da un progetto del Direttore Sanitario Dott.ssa Monica Paglieri.<\/p>\r\n\r\n\r\n\r\n<p>Il progetto \u00e8 stato pensato e realizzato per offrire ai nostri amici a quattro zampe la massima tranquillit\u00e0 ed un servizio soddisfacente.<\/p>\r\n\r\n\r\n\r\n<p>Alla reception si accede tramite due ingressi separati a seconda che siate proprietari di un cane o di un gatto, per evitare stress ai nostri amici in attesa della visita.<\/p>\r\n\r\n\r\n\r\n<p>Le sale d&#8217;attesa, molto colorate, sono dotate di giochi per i nostri animali e per i piccoli a due zampe, con sedie adatte alla loro misura!!!<\/p>\r\n\r\n\r\n\r\n<p>Anche le sale per la visita sono dedicate specificatamente al nostro cane o al nostro gatto.<\/p>\r\n\r\n\r\n\r\n<p>Quando c&#8217;\u00e8 la necessit\u00e0 di un approfondimento diagnostico i pazienti vengono condotti ai vari reparti:<\/p>\r\n\r\n\r\n\r\n<ol>\r\n<li>Laboratorio interno per citologia di base<\/li>\r\n\r\n\r\n\r\n<li>Diagnostica per immagine\r\n<ul>\r\n<li>Sala ecografia in cui si effettuano:\r\n<ul>\r\n<li>esami ecografici addominali bidimensionali<\/li>\r\n\r\n\r\n\r\n<li>esami ecocolor doppler addominale<\/li>\r\n\r\n\r\n\r\n<li>ecocardiografia<\/li>\r\n\r\n\r\n\r\n<li>biopsie ecoguidate<\/li>\r\n<\/ul>\r\n<\/li>\r\n\r\n\r\n\r\n<li>Sala radiologica in cui si effettuano:\r\n<ul>\r\n<li>esami rx in bianco<\/li>\r\n\r\n\r\n\r\n<li>esami rx a contrasto<\/li>\r\n<\/ul>\r\n<\/li>\r\n<\/ul>\r\n<\/li>\r\n\r\n\r\n\r\n<li>Chirurgia\r\n<ul>\r\n<li>prechirurgia<\/li>\r\n\r\n\r\n\r\n<li>chirurgia con anestesia gassosa, assistenza respiratoria e monitoraggio intraoperatorio<\/li>\r\n<\/ul>\r\n<\/li>\r\n\r\n\r\n\r\n<li>Degenza e ricovero\r\n<ul>\r\n<li>possibilit\u00e0 di assistenza 24H<\/li>\r\n<\/ul>\r\n<\/li>\r\n<\/ol>\r\n\r\n\r\n\r\n<p>Inoltre vi \u00e8 la possibilit\u00e0 di compiere, con referenti esterni, visite ortopediche, neurologiche, comportamentali, dermatologiche e cos\u00ec via.<\/p>\r\n","protected":false},"excerpt":{"rendered":"<p>L&#8217;ACCESSO NELLA NOSTRA CLINICA DEVE ESSERE DISCIPLINATO MEDIANTE APPUNTAMENTO TELEFONICO PRENOTA LA TUA VISITA allo +39 0734 68 71 00 La clinica veterinaria Pandora La Clinica veterinaria Pandora Sooc. Coop. nasce nel maggio 2007 da un progetto del Direttore Sanitario Dott.ssa Monica Paglieri. Il progetto \u00e8 stato pensato e realizzato per offrire ai nostri amici [&hellip;]<\/p>\n","protected":false},"author":1,"featured_media":0,"parent":0,"menu_order":0,"comment_status":"closed","ping_status":"closed","template":"","meta":[],"_links":{"self":[{"href":"https:\/\/www.clinicapandora.it\/index.php?rest_route=\/wp\/v2\/pages\/26"}],"collection":[{"href":"https:\/\/www.clinicapandora.it\/index.php?rest_route=\/wp\/v2\/pages"}],"about":[{"href":"https:\/\/www.clinicapandora.it\/index.php?rest_route=\/wp\/v2\/types\/page"}],"author":[{"embeddable":true,"href":"https:\/\/www.clinicapandora.it\/index.php?rest_route=\/wp\/v2\/users\/1"}],"replies":[{"embeddable":true,"href":"https:\/\/www.clinicapandora.it\/index.php?rest_route=%2Fwp%2Fv2%2Fcomments&post=26"}],"version-history":[{"count":4,"href":"https:\/\/www.clinicapandora.it\/index.php?rest_route=\/wp\/v2\/pages\/26\/revisions"}],"predecessor-version":[{"id":63,"href":"https:\/\/www.clinicapandora.it\/index.php?rest_route=\/wp\/v2\/pages\/26\/revisions\/63"}],"wp:attachment":[{"href":"https:\/\/www.clinicapandora.it\/index.php?rest_route=%2Fwp%2Fv2%2Fmedia&parent=26"}],"curies":[{"name":"wp","href":"https:\/\/api.w.org\/{rel}","templated":true}]}}